{"id":707,"date":"2022-05-19T11:07:16","date_gmt":"2022-05-19T14:07:16","guid":{"rendered":"https:\/\/gestaodeideias.com.br\/?page_id=707"},"modified":"2022-08-09T20:13:56","modified_gmt":"2022-08-09T23:13:56","slug":"softwares-2","status":"publish","type":"page","link":"https:\/\/gestaodeideias.com.br\/index.php\/softwares-2\/","title":{"rendered":"Softwares"},"content":{"rendered":"\t\t<div data-elementor-type=\"wp-page\" data-elementor-id=\"707\" class=\"elementor elementor-707\">\n\t\t\t\t\t\t\t\t\t<section class=\"elementor-section elementor-top-section elementor-element elementor-element-a19035b elementor-section-boxed elementor-section-height-default elementor-section-height-default\" data-id=\"a19035b\" data-element_type=\"section\">\n\t\t\t\t\t\t<div class=\"elementor-container elementor-column-gap-default\">\n\t\t\t\t\t<div class=\"elementor-column elementor-col-50 elementor-top-column elementor-element elementor-element-a55804e\" data-id=\"a55804e\" data-element_type=\"column\">\n\t\t\t<div class=\"elementor-widget-wrap elementor-element-populated\">\n\t\t\t\t\t\t\t\t<div class=\"elementor-element elementor-element-84d4a7e elementor-widget elementor-widget-heading\" data-id=\"84d4a7e\" data-element_type=\"widget\" data-widget_type=\"heading.default\">\n\t\t\t\t<div class=\"elementor-widget-container\">\n\t\t\t<style>\/*! elementor - v3.6.5 - 27-04-2022 *\/\n.elementor-heading-title{padding:0;margin:0;line-height:1}.elementor-widget-heading .elementor-heading-title[class*=elementor-size-]>a{color:inherit;font-size:inherit;line-height:inherit}.elementor-widget-heading .elementor-heading-title.elementor-size-small{font-size:15px}.elementor-widget-heading .elementor-heading-title.elementor-size-medium{font-size:19px}.elementor-widget-heading .elementor-heading-title.elementor-size-large{font-size:29px}.elementor-widget-heading .elementor-heading-title.elementor-size-xl{font-size:39px}.elementor-widget-heading .elementor-heading-title.elementor-size-xxl{font-size:59px}<\/style><h2 class=\"elementor-heading-title elementor-size-default\">ERP<\/h2>\t\t<\/div>\n\t\t\t\t<\/div>\n\t\t\t\t<div class=\"elementor-element elementor-element-90124f3 elementor-widget elementor-widget-text-editor\" data-id=\"90124f3\" data-element_type=\"widget\" data-widget_type=\"text-editor.default\">\n\t\t\t\t<div class=\"elementor-widget-container\">\n\t\t\t<style>\/*! elementor - v3.6.5 - 27-04-2022 *\/\n.elementor-widget-text-editor.elementor-drop-cap-view-stacked .elementor-drop-cap{background-color:#818a91;color:#fff}.elementor-widget-text-editor.elementor-drop-cap-view-framed .elementor-drop-cap{color:#818a91;border:3px solid;background-color:transparent}.elementor-widget-text-editor:not(.elementor-drop-cap-view-default) .elementor-drop-cap{margin-top:8px}.elementor-widget-text-editor:not(.elementor-drop-cap-view-default) .elementor-drop-cap-letter{width:1em;height:1em}.elementor-widget-text-editor .elementor-drop-cap{float:left;text-align:center;line-height:1;font-size:50px}.elementor-widget-text-editor .elementor-drop-cap-letter{display:inline-block}<\/style>\t\t\t\t<p><span class=\"ILfuVd\"><span class=\"hgKElc\">Um ERP \u00e9 um conjunto de aplicativos ou m\u00f3dulos integrados para <strong>gest\u00e3o dos principais processos de neg\u00f3cios de uma empresa<\/strong>, incluindo finan\u00e7as e contabilidade, cadeia de suprimentos, vendas, gest\u00e3o de estoques e muito mais.<\/span><\/span><\/p><p>A partir das informa\u00e7\u00f5es levantadas pelo software, \u00e9 poss\u00edvel fazer diagn\u00f3sticos aprofundados sobre as medidas necess\u00e1rias para reduzir custos e aumentar a produtividade.<\/p><p>Um sistema ERP completo apresenta diversos m\u00f3dulos que podem fazer parte do modelo padr\u00e3o ou indexados. Conhe\u00e7a os principais:<\/p><ul><li>Faturamento<\/li><li>Financeiro<\/li><li>Compras<\/li><li>Vendas<\/li><li>Estoque<\/li><li>Gerenciamento de projetos<\/li><li>Produ\u00e7\u00e3o<\/li><\/ul>\t\t\t\t\t\t<\/div>\n\t\t\t\t<\/div>\n\t\t\t\t\t<\/div>\n\t\t<\/div>\n\t\t\t\t<div class=\"elementor-column elementor-col-50 elementor-top-column elementor-element elementor-element-5b37435\" data-id=\"5b37435\" data-element_type=\"column\">\n\t\t\t<div class=\"elementor-widget-wrap elementor-element-populated\">\n\t\t\t\t\t\t\t\t<div class=\"elementor-element elementor-element-0343da9 elementor-widget elementor-widget-image\" data-id=\"0343da9\" data-element_type=\"widget\" data-widget_type=\"image.default\">\n\t\t\t\t<div class=\"elementor-widget-container\">\n\t\t\t<style>\/*! elementor - v3.6.5 - 27-04-2022 *\/\n.elementor-widget-image{text-align:center}.elementor-widget-image a{display:inline-block}.elementor-widget-image a img[src$=\".svg\"]{width:48px}.elementor-widget-image img{vertical-align:middle;display:inline-block}<\/style>\t\t\t\t\t\t\t\t\t\t\t\t<img width=\"690\" height=\"690\" src=\"https:\/\/gestaodeideias.com.br\/wp-content\/uploads\/2022\/05\/trabalho-guga-3.png\" class=\"attachment-medium_large size-medium_large\" alt=\"\" loading=\"lazy\" srcset=\"https:\/\/gestaodeideias.com.br\/wp-content\/uploads\/2022\/05\/trabalho-guga-3.png 690w, https:\/\/gestaodeideias.com.br\/wp-content\/uploads\/2022\/05\/trabalho-guga-3-300x300.png 300w, https:\/\/gestaodeideias.com.br\/wp-content\/uploads\/2022\/05\/trabalho-guga-3-150x150.png 150w, https:\/\/gestaodeideias.com.br\/wp-content\/uploads\/2022\/05\/trabalho-guga-3-600x600.png 600w\" sizes=\"(max-width: 690px) 100vw, 690px\" \/>\t\t\t\t\t\t\t\t\t\t\t\t\t\t\t<\/div>\n\t\t\t\t<\/div>\n\t\t\t\t\t<\/div>\n\t\t<\/div>\n\t\t\t\t\t\t\t<\/div>\n\t\t<\/section>\n\t\t\t\t<section class=\"elementor-section elementor-top-section elementor-element elementor-element-09041c9 elementor-hidden-mobile elementor-section-boxed elementor-section-height-default elementor-section-height-default\" data-id=\"09041c9\" data-element_type=\"section\" data-settings=\"{&quot;background_background&quot;:&quot;gradient&quot;,&quot;shape_divider_top&quot;:&quot;waves&quot;}\">\n\t\t\t\t\t<div class=\"elementor-shape elementor-shape-top\" data-negative=\"false\">\n\t\t\t<svg xmlns=\"http:\/\/www.w3.org\/2000\/svg\" viewBox=\"0 0 1000 100\" preserveAspectRatio=\"none\">\n\t<path class=\"elementor-shape-fill\" d=\"M421.9,6.5c22.6-2.5,51.5,0.4,75.5,5.3c23.6,4.9,70.9,23.5,100.5,35.7c75.8,32.2,133.7,44.5,192.6,49.7\n\tc23.6,2.1,48.7,3.5,103.4-2.5c54.7-6,106.2-25.6,106.2-25.6V0H0v30.3c0,0,72,32.6,158.4,30.5c39.2-0.7,92.8-6.7,134-22.4\n\tc21.2-8.1,52.2-18.2,79.7-24.2C399.3,7.9,411.6,7.5,421.9,6.5z\"\/>\n<\/svg>\t\t<\/div>\n\t\t\t\t\t<div class=\"elementor-container elementor-column-gap-default\">\n\t\t\t\t\t<div class=\"elementor-column elementor-col-50 elementor-top-column elementor-element elementor-element-653ce5f\" data-id=\"653ce5f\" data-element_type=\"column\">\n\t\t\t<div class=\"elementor-widget-wrap elementor-element-populated\">\n\t\t\t\t\t\t\t\t<div class=\"elementor-element elementor-element-5c9ae33 elementor-widget elementor-widget-image\" data-id=\"5c9ae33\" data-element_type=\"widget\" data-widget_type=\"image.default\">\n\t\t\t\t<div class=\"elementor-widget-container\">\n\t\t\t\t\t\t\t\t\t\t\t\t\t\t\t<img width=\"690\" height=\"690\" src=\"https:\/\/gestaodeideias.com.br\/wp-content\/uploads\/2022\/05\/tranbalho-guga-4.png\" class=\"attachment-medium_large size-medium_large\" alt=\"\" loading=\"lazy\" srcset=\"https:\/\/gestaodeideias.com.br\/wp-content\/uploads\/2022\/05\/tranbalho-guga-4.png 690w, https:\/\/gestaodeideias.com.br\/wp-content\/uploads\/2022\/05\/tranbalho-guga-4-300x300.png 300w, https:\/\/gestaodeideias.com.br\/wp-content\/uploads\/2022\/05\/tranbalho-guga-4-150x150.png 150w, https:\/\/gestaodeideias.com.br\/wp-content\/uploads\/2022\/05\/tranbalho-guga-4-600x600.png 600w\" sizes=\"(max-width: 690px) 100vw, 690px\" \/>\t\t\t\t\t\t\t\t\t\t\t\t\t\t\t<\/div>\n\t\t\t\t<\/div>\n\t\t\t\t\t<\/div>\n\t\t<\/div>\n\t\t\t\t<div class=\"elementor-column elementor-col-50 elementor-top-column elementor-element elementor-element-791d2c4\" data-id=\"791d2c4\" data-element_type=\"column\">\n\t\t\t<div class=\"elementor-widget-wrap elementor-element-populated\">\n\t\t\t\t\t\t\t\t<div class=\"elementor-element elementor-element-2d6bb5e elementor-widget elementor-widget-heading\" data-id=\"2d6bb5e\" data-element_type=\"widget\" data-widget_type=\"heading.default\">\n\t\t\t\t<div class=\"elementor-widget-container\">\n\t\t\t<h2 class=\"elementor-heading-title elementor-size-default\">Sistema de Agendamento<\/h2>\t\t<\/div>\n\t\t\t\t<\/div>\n\t\t\t\t<div class=\"elementor-element elementor-element-70bfa8b elementor-widget elementor-widget-text-editor\" data-id=\"70bfa8b\" data-element_type=\"widget\" data-widget_type=\"text-editor.default\">\n\t\t\t\t<div class=\"elementor-widget-container\">\n\t\t\t\t\t\t\t<p>O sistema de agendamento facilita o gerenciamento e organiza\u00e7\u00e3o de todo o seu neg\u00f3cio, processos e pessoas. Tenha todas as etapas de atendimento, desde a reserva at\u00e9 a sa\u00edda de clientes com apenas um click. Gerencie e identifique padr\u00f5es de clientes, funcion\u00e1rios e processos.<\/p>\n<ul>\n<li>Agendamento a qualquer hora e qualquer lugar<\/li>\n<li>Dados mais seguros e precisos<\/li>\n<li>Automatiza\u00e7\u00e3o de processos<\/li>\n<li>Otimiza\u00e7\u00e3o de tempo<\/li>\n<li>Melhora no atendimento<\/li>\n<li>Diminui\u00e7\u00e3o de custos<\/li>\n<\/ul>\t\t\t\t\t\t<\/div>\n\t\t\t\t<\/div>\n\t\t\t\t\t<\/div>\n\t\t<\/div>\n\t\t\t\t\t\t\t<\/div>\n\t\t<\/section>\n\t\t\t\t<section class=\"elementor-section elementor-top-section elementor-element elementor-element-0f78074 elementor-hidden-desktop elementor-hidden-tablet elementor-section-boxed elementor-section-height-default elementor-section-height-default\" data-id=\"0f78074\" data-element_type=\"section\" data-settings=\"{&quot;background_background&quot;:&quot;gradient&quot;,&quot;shape_divider_top&quot;:&quot;waves&quot;}\">\n\t\t\t\t\t<div class=\"elementor-shape elementor-shape-top\" data-negative=\"false\">\n\t\t\t<svg xmlns=\"http:\/\/www.w3.org\/2000\/svg\" viewBox=\"0 0 1000 100\" preserveAspectRatio=\"none\">\n\t<path class=\"elementor-shape-fill\" d=\"M421.9,6.5c22.6-2.5,51.5,0.4,75.5,5.3c23.6,4.9,70.9,23.5,100.5,35.7c75.8,32.2,133.7,44.5,192.6,49.7\n\tc23.6,2.1,48.7,3.5,103.4-2.5c54.7-6,106.2-25.6,106.2-25.6V0H0v30.3c0,0,72,32.6,158.4,30.5c39.2-0.7,92.8-6.7,134-22.4\n\tc21.2-8.1,52.2-18.2,79.7-24.2C399.3,7.9,411.6,7.5,421.9,6.5z\"\/>\n<\/svg>\t\t<\/div>\n\t\t\t\t\t<div class=\"elementor-container elementor-column-gap-default\">\n\t\t\t\t\t<div class=\"elementor-column elementor-col-50 elementor-top-column elementor-element elementor-element-ce29e92\" data-id=\"ce29e92\" data-element_type=\"column\">\n\t\t\t<div class=\"elementor-widget-wrap elementor-element-populated\">\n\t\t\t\t\t\t\t\t<div class=\"elementor-element elementor-element-adc6161 elementor-widget elementor-widget-heading\" data-id=\"adc6161\" data-element_type=\"widget\" data-widget_type=\"heading.default\">\n\t\t\t\t<div class=\"elementor-widget-container\">\n\t\t\t<h2 class=\"elementor-heading-title elementor-size-default\">Sistema de Agendamento<\/h2>\t\t<\/div>\n\t\t\t\t<\/div>\n\t\t\t\t<div class=\"elementor-element elementor-element-2232325 elementor-widget elementor-widget-text-editor\" data-id=\"2232325\" data-element_type=\"widget\" data-widget_type=\"text-editor.default\">\n\t\t\t\t<div class=\"elementor-widget-container\">\n\t\t\t\t\t\t\t<p>Lorem ipsum dolor sit amet, consectetur adipiscing elit. Ut elit tellus, luctus nec ullamcorper mattis, pulvinar dapibus leo.<\/p>\t\t\t\t\t\t<\/div>\n\t\t\t\t<\/div>\n\t\t\t\t<div class=\"elementor-element elementor-element-05dea18 elementor-widget elementor-widget-image\" data-id=\"05dea18\" data-element_type=\"widget\" data-widget_type=\"image.default\">\n\t\t\t\t<div class=\"elementor-widget-container\">\n\t\t\t\t\t\t\t\t\t\t\t\t\t\t\t<img width=\"690\" height=\"690\" src=\"https:\/\/gestaodeideias.com.br\/wp-content\/uploads\/2022\/05\/tranbalho-guga-4.png\" class=\"attachment-medium_large size-medium_large\" alt=\"\" loading=\"lazy\" srcset=\"https:\/\/gestaodeideias.com.br\/wp-content\/uploads\/2022\/05\/tranbalho-guga-4.png 690w, https:\/\/gestaodeideias.com.br\/wp-content\/uploads\/2022\/05\/tranbalho-guga-4-300x300.png 300w, https:\/\/gestaodeideias.com.br\/wp-content\/uploads\/2022\/05\/tranbalho-guga-4-150x150.png 150w, https:\/\/gestaodeideias.com.br\/wp-content\/uploads\/2022\/05\/tranbalho-guga-4-600x600.png 600w\" sizes=\"(max-width: 690px) 100vw, 690px\" \/>\t\t\t\t\t\t\t\t\t\t\t\t\t\t\t<\/div>\n\t\t\t\t<\/div>\n\t\t\t\t\t<\/div>\n\t\t<\/div>\n\t\t\t\t<div class=\"elementor-column elementor-col-50 elementor-top-column elementor-element elementor-element-a7dbd0d\" data-id=\"a7dbd0d\" data-element_type=\"column\">\n\t\t\t<div class=\"elementor-widget-wrap\">\n\t\t\t\t\t\t\t\t\t<\/div>\n\t\t<\/div>\n\t\t\t\t\t\t\t<\/div>\n\t\t<\/section>\n\t\t\t\t<section class=\"elementor-section elementor-top-section elementor-element elementor-element-0f37116 elementor-section-boxed elementor-section-height-default elementor-section-height-default\" data-id=\"0f37116\" data-element_type=\"section\">\n\t\t\t\t\t\t<div class=\"elementor-container elementor-column-gap-default\">\n\t\t\t\t\t<div class=\"elementor-column elementor-col-50 elementor-top-column elementor-element elementor-element-741ba03\" data-id=\"741ba03\" data-element_type=\"column\">\n\t\t\t<div class=\"elementor-widget-wrap elementor-element-populated\">\n\t\t\t\t\t\t\t\t<div class=\"elementor-element elementor-element-5ddb8e7 elementor-widget elementor-widget-heading\" data-id=\"5ddb8e7\" data-element_type=\"widget\" data-widget_type=\"heading.default\">\n\t\t\t\t<div class=\"elementor-widget-container\">\n\t\t\t<h2 class=\"elementor-heading-title elementor-size-default\">Sistema para Escrit\u00f3rios de Eng. Civil<\/h2>\t\t<\/div>\n\t\t\t\t<\/div>\n\t\t\t\t<div class=\"elementor-element elementor-element-104c5c9 elementor-widget elementor-widget-text-editor\" data-id=\"104c5c9\" data-element_type=\"widget\" data-widget_type=\"text-editor.default\">\n\t\t\t\t<div class=\"elementor-widget-container\">\n\t\t\t\t\t\t\t<p>Gerencie cada etapa da sua obra, fornecedores e clientes. Com um controle de estoque completo, evite desperd\u00edcios, emita relat\u00f3rios e tenha total controle financeiro de sua empresa.<\/p><ul><li>Cadastro de Obras<\/li><li>Controle de Fornecedores e Clientes<\/li><li>Controle e Lan\u00e7amento de Compras e Faturas<\/li><li>Controle de Estoque<\/li><li>Gerador de Or\u00e7amentos<\/li><li>Relat\u00f3rios personalizados e detalhados<\/li><li>Automa\u00e7\u00e3o de processos<\/li><li>Redu\u00e7\u00e3o de Custos\u00a0<\/li><\/ul><p>\u00a0<\/p>\t\t\t\t\t\t<\/div>\n\t\t\t\t<\/div>\n\t\t\t\t\t<\/div>\n\t\t<\/div>\n\t\t\t\t<div class=\"elementor-column elementor-col-50 elementor-top-column elementor-element elementor-element-9b4d75f\" data-id=\"9b4d75f\" data-element_type=\"column\">\n\t\t\t<div class=\"elementor-widget-wrap elementor-element-populated\">\n\t\t\t\t\t\t\t\t<div class=\"elementor-element elementor-element-6b10d6e elementor-widget elementor-widget-image\" data-id=\"6b10d6e\" data-element_type=\"widget\" data-widget_type=\"image.default\">\n\t\t\t\t<div class=\"elementor-widget-container\">\n\t\t\t\t\t\t\t\t\t\t\t\t\t\t\t<img width=\"690\" height=\"690\" src=\"https:\/\/gestaodeideias.com.br\/wp-content\/uploads\/2022\/05\/trabalho-guga-6.png\" class=\"attachment-medium_large size-medium_large\" alt=\"\" loading=\"lazy\" srcset=\"https:\/\/gestaodeideias.com.br\/wp-content\/uploads\/2022\/05\/trabalho-guga-6.png 690w, https:\/\/gestaodeideias.com.br\/wp-content\/uploads\/2022\/05\/trabalho-guga-6-300x300.png 300w, https:\/\/gestaodeideias.com.br\/wp-content\/uploads\/2022\/05\/trabalho-guga-6-150x150.png 150w, https:\/\/gestaodeideias.com.br\/wp-content\/uploads\/2022\/05\/trabalho-guga-6-600x600.png 600w\" sizes=\"(max-width: 690px) 100vw, 690px\" \/>\t\t\t\t\t\t\t\t\t\t\t\t\t\t\t<\/div>\n\t\t\t\t<\/div>\n\t\t\t\t\t<\/div>\n\t\t<\/div>\n\t\t\t\t\t\t\t<\/div>\n\t\t<\/section>\n\t\t\t\t<section class=\"elementor-section elementor-top-section elementor-element elementor-element-fe51e1f elementor-section-boxed elementor-section-height-default elementor-section-height-default\" data-id=\"fe51e1f\" data-element_type=\"section\">\n\t\t\t\t\t\t<div class=\"elementor-container elementor-column-gap-default\">\n\t\t\t\t\t<div class=\"elementor-column elementor-col-100 elementor-top-column elementor-element elementor-element-e8717f7\" data-id=\"e8717f7\" data-element_type=\"column\">\n\t\t\t<div class=\"elementor-widget-wrap elementor-element-populated\">\n\t\t\t\t\t\t\t\t<div class=\"elementor-element elementor-element-ed45ab8 elementor-align-center elementor-widget elementor-widget-button\" data-id=\"ed45ab8\" data-element_type=\"widget\" data-widget_type=\"button.default\">\n\t\t\t\t<div class=\"elementor-widget-container\">\n\t\t\t\t\t<div class=\"elementor-button-wrapper\">\n\t\t\t<a href=\"https:\/\/gestaodeideias.com.br\/index.php\/contato-2\/\" class=\"elementor-button-link elementor-button elementor-size-lg elementor-animation-grow\" role=\"button\">\n\t\t\t\t\t\t<span class=\"elementor-button-content-wrapper\">\n\t\t\t\t\t\t\t<span class=\"elementor-button-icon elementor-align-icon-right\">\n\t\t\t\t<i aria-hidden=\"true\" class=\"fas fa-angle-right\"><\/i>\t\t\t<\/span>\n\t\t\t\t\t\t<span class=\"elementor-button-text\">Fa\u00e7a contato para saber mais!<\/span>\n\t\t<\/span>\n\t\t\t\t\t<\/a>\n\t\t<\/div>\n\t\t\t\t<\/div>\n\t\t\t\t<\/div>\n\t\t\t\t\t<\/div>\n\t\t<\/div>\n\t\t\t\t\t\t\t<\/div>\n\t\t<\/section>\n\t\t\t\t<section class=\"elementor-section elementor-top-section elementor-element elementor-element-386fe29 elementor-section-boxed elementor-section-height-default elementor-section-height-default\" data-id=\"386fe29\" data-element_type=\"section\" data-settings=\"{&quot;shape_divider_bottom&quot;:&quot;waves&quot;}\">\n\t\t\t\t\t<div class=\"elementor-shape elementor-shape-bottom\" data-negative=\"false\">\n\t\t\t<svg xmlns=\"http:\/\/www.w3.org\/2000\/svg\" viewBox=\"0 0 1000 100\" preserveAspectRatio=\"none\">\n\t<path class=\"elementor-shape-fill\" d=\"M421.9,6.5c22.6-2.5,51.5,0.4,75.5,5.3c23.6,4.9,70.9,23.5,100.5,35.7c75.8,32.2,133.7,44.5,192.6,49.7\n\tc23.6,2.1,48.7,3.5,103.4-2.5c54.7-6,106.2-25.6,106.2-25.6V0H0v30.3c0,0,72,32.6,158.4,30.5c39.2-0.7,92.8-6.7,134-22.4\n\tc21.2-8.1,52.2-18.2,79.7-24.2C399.3,7.9,411.6,7.5,421.9,6.5z\"\/>\n<\/svg>\t\t<\/div>\n\t\t\t\t\t<div class=\"elementor-container elementor-column-gap-default\">\n\t\t\t\t\t<div class=\"elementor-column elementor-col-100 elementor-top-column elementor-element elementor-element-6f7fcbb\" data-id=\"6f7fcbb\" data-element_type=\"column\">\n\t\t\t<div class=\"elementor-widget-wrap\">\n\t\t\t\t\t\t\t\t\t<\/div>\n\t\t<\/div>\n\t\t\t\t\t\t\t<\/div>\n\t\t<\/section>\n\t\t\t\t\t\t\t<\/div>\n\t\t","protected":false},"excerpt":{"rendered":"<p>ERP Um ERP \u00e9 um conjunto de aplicativos ou m\u00f3dulos integrados para gest\u00e3o dos principais processos de neg\u00f3cios de uma empresa, incluindo finan\u00e7as e contabilidade, cadeia de suprimentos, vendas, gest\u00e3o de estoques e muito mais. A partir das informa\u00e7\u00f5es levantadas pelo software, \u00e9 poss\u00edvel fazer diagn\u00f3sticos aprofundados sobre as medidas necess\u00e1rias para reduzir custos e [&hellip;]<\/p>\n","protected":false},"author":1,"featured_media":0,"parent":0,"menu_order":0,"comment_status":"closed","ping_status":"closed","template":"","meta":{"om_disable_all_campaigns":false,"_monsterinsights_skip_tracking":false,"_monsterinsights_sitenote_active":false,"_monsterinsights_sitenote_note":"","_monsterinsights_sitenote_category":0},"_links":{"self":[{"href":"https:\/\/gestaodeideias.com.br\/index.php\/wp-json\/wp\/v2\/pages\/707"}],"collection":[{"href":"https:\/\/gestaodeideias.com.br\/index.php\/wp-json\/wp\/v2\/pages"}],"about":[{"href":"https:\/\/gestaodeideias.com.br\/index.php\/wp-json\/wp\/v2\/types\/page"}],"author":[{"embeddable":true,"href":"https:\/\/gestaodeideias.com.br\/index.php\/wp-json\/wp\/v2\/users\/1"}],"replies":[{"embeddable":true,"href":"https:\/\/gestaodeideias.com.br\/index.php\/wp-json\/wp\/v2\/comments?post=707"}],"version-history":[{"count":241,"href":"https:\/\/gestaodeideias.com.br\/index.php\/wp-json\/wp\/v2\/pages\/707\/revisions"}],"predecessor-version":[{"id":1777,"href":"https:\/\/gestaodeideias.com.br\/index.php\/wp-json\/wp\/v2\/pages\/707\/revisions\/1777"}],"wp:attachment":[{"href":"https:\/\/gestaodeideias.com.br\/index.php\/wp-json\/wp\/v2\/media?parent=707"}],"curies":[{"name":"wp","href":"https:\/\/api.w.org\/{rel}","templated":true}]}}